{"id":3014,"date":"2025-03-26T18:00:23","date_gmt":"2025-03-26T17:00:23","guid":{"rendered":"https:\/\/serabed.hu\/?page_id=3014"},"modified":"2025-03-26T18:06:15","modified_gmt":"2025-03-26T17:06:15","slug":"impressum","status":"publish","type":"page","link":"https:\/\/serabed.hu\/de\/impressum\/","title":{"rendered":"Impressum"},"content":{"rendered":"<div data-elementor-type=\"wp-page\" data-elementor-id=\"3014\" class=\"elementor elementor-3014\" data-elementor-settings=\"{&quot;page_masthead_header_background_color&quot;:&quot;#ffffff&quot;,&quot;page_masthead_featured_background_color&quot;:&quot;#f8f8f8&quot;}\">\n\t\t\t\t\t\t<section class=\"elementor-section elementor-top-section elementor-element elementor-element-2893ebf elementor-section-boxed elementor-section-height-default elementor-section-height-default\" data-id=\"2893ebf\" data-element_type=\"section\">\n\t\t\t\t\t\t<div class=\"elementor-container elementor-column-gap-default\">\n\t\t\t\t\t<div class=\"elementor-column elementor-col-100 elementor-top-column elementor-element elementor-element-f7b6f00\" data-id=\"f7b6f00\" data-element_type=\"column\">\n\t\t\t<div class=\"elementor-widget-wrap elementor-element-populated\">\n\t\t\t\t\t\t<div class=\"elementor-element elementor-element-fd6b738 elementor-widget elementor-widget-heading\" data-id=\"fd6b738\" data-element_type=\"widget\" data-widget_type=\"heading.default\">\n\t\t\t\t<div class=\"elementor-widget-container\">\n\t\t\t\t\t<h3 class=\"elementor-heading-title elementor-size-default\">Angetrieben durch<\/h3>\t\t\t\t<\/div>\n\t\t\t\t<\/div>\n\t\t\t\t<div class=\"elementor-element elementor-element-445c068 elementor-widget elementor-widget-text-editor\" data-id=\"445c068\" data-element_type=\"widget\" data-widget_type=\"text-editor.default\">\n\t\t\t\t<div class=\"elementor-widget-container\">\n\t\t\t\t\t\t\t\t\t<p>SERABED HUNGARY Kft.<br \/>Adresse: 7400 Kaposv\u00e1r, F\u00fcredi utca 83. 1. stock. 4.<br \/>Steuernummer: 27732393-2-14<br \/>E-Mail: info@serabed.hu<\/p>\t\t\t\t\t\t\t\t<\/div>\n\t\t\t\t<\/div>\n\t\t\t\t\t<\/div>\n\t\t<\/div>\n\t\t\t\t\t<\/div>\n\t\t<\/section>\n\t\t\t\t<section class=\"elementor-section elementor-top-section elementor-element elementor-element-4078951 pt-small pb-medium elementor-section-boxed elementor-section-height-default elementor-section-height-default\" data-id=\"4078951\" data-element_type=\"section\">\n\t\t\t\t\t\t<div class=\"elementor-container elementor-column-gap-default\">\n\t\t\t\t\t<div class=\"elementor-column elementor-col-100 elementor-top-column elementor-element elementor-element-d33f79c\" data-id=\"d33f79c\" data-element_type=\"column\">\n\t\t\t<div class=\"elementor-widget-wrap elementor-element-populated\">\n\t\t\t\t\t\t<div class=\"elementor-element elementor-element-ce1042b elementor-widget elementor-widget-heading\" data-id=\"ce1042b\" data-element_type=\"widget\" data-widget_type=\"heading.default\">\n\t\t\t\t<div class=\"elementor-widget-container\">\n\t\t\t\t\t<h3 class=\"elementor-heading-title elementor-size-default\">Hosting<\/h3>\t\t\t\t<\/div>\n\t\t\t\t<\/div>\n\t\t\t\t<div class=\"elementor-element elementor-element-d42c059 elementor-widget elementor-widget-text-editor\" data-id=\"d42c059\" data-element_type=\"widget\" data-widget_type=\"text-editor.default\">\n\t\t\t\t<div class=\"elementor-widget-container\">\n\t\t\t\t\t\t\t\t\t<p>T\u00e1rhely.Eu Dienstanbieter Ltd.<br \/>Rufnummer: +36 1 789 3 789<br \/>E-Mail: <a href=\"mailto:support@tarhely.eu\"><span class=\"\">support@tarhely.eu<\/span><\/a><br \/>Website: https:\/\/tarhely.eu<\/p>\t\t\t\t\t\t\t\t<\/div>\n\t\t\t\t<\/div>\n\t\t\t\t\t<\/div>\n\t\t<\/div>\n\t\t\t\t\t<\/div>\n\t\t<\/section>\n\t\t\t\t<\/div>","protected":false},"excerpt":{"rendered":"<p>\u00dczemeltet\u0151 SERABED HUNGARY Kft.C\u00edm: 7400 Kaposv\u00e1r, F\u00fcredi utca 83. 1. em. 4.Ad\u00f3sz\u00e1m: 27732393-2-14Email: info@serabed.hu T\u00e1rhelyszolg\u00e1ltat\u00f3 T\u00e1rhely.Eu Szolg\u00e1ltat\u00f3 Kft.Telefonsz\u00e1m: +36 1 789 3 789E-mail: support@tarhely.euHonlap: https:\/\/tarhely.eu<\/p>","protected":false},"author":1,"featured_media":0,"parent":0,"menu_order":8,"comment_status":"closed","ping_status":"closed","template":"","meta":{"_acf_changed":false,"footnotes":""},"class_list":["post-3014","page","type-page","status-publish","hentry"],"acf":[],"_links":{"self":[{"href":"https:\/\/serabed.hu\/de\/wp-json\/wp\/v2\/pages\/3014","targetHints":{"allow":["GET"]}}],"collection":[{"href":"https:\/\/serabed.hu\/de\/wp-json\/wp\/v2\/pages"}],"about":[{"href":"https:\/\/serabed.hu\/de\/wp-json\/wp\/v2\/types\/page"}],"author":[{"embeddable":true,"href":"https:\/\/serabed.hu\/de\/wp-json\/wp\/v2\/users\/1"}],"replies":[{"embeddable":true,"href":"https:\/\/serabed.hu\/de\/wp-json\/wp\/v2\/comments?post=3014"}],"version-history":[{"count":7,"href":"https:\/\/serabed.hu\/de\/wp-json\/wp\/v2\/pages\/3014\/revisions"}],"predecessor-version":[{"id":3021,"href":"https:\/\/serabed.hu\/de\/wp-json\/wp\/v2\/pages\/3014\/revisions\/3021"}],"wp:attachment":[{"href":"https:\/\/serabed.hu\/de\/wp-json\/wp\/v2\/media?parent=3014"}],"curies":[{"name":"wp","href":"https:\/\/api.w.org\/{rel}","templated":true}]}}